{"id":7098,"date":"2025-07-17T17:49:54","date_gmt":"2025-07-17T22:49:54","guid":{"rendered":"https:\/\/carlosacevedo.co\/?page_id=7098"},"modified":"2025-08-04T12:34:58","modified_gmt":"2025-08-04T17:34:58","slug":"financiamiento-usa","status":"publish","type":"page","link":"https:\/\/carlosacevedo.co\/en\/financiamiento-usa\/","title":{"rendered":"Financiamiento USA"},"content":{"rendered":"<div data-elementor-type=\"wp-page\" data-elementor-id=\"7098\" class=\"elementor elementor-7098\" data-elementor-post-type=\"page\">\n\t\t\t\t<div data-particle_enable=\"false\" data-particle-mobile-disabled=\"false\" class=\"elementor-element elementor-element-732c853 e-flex e-con-boxed e-con e-parent\" data-id=\"732c853\" data-element_type=\"container\" data-e-type=\"container\" data-settings=\"{&quot;jet_parallax_layout_list&quot;:[]}\">\n\t\t\t\t\t<div class=\"e-con-inner\">\n\t\t\t\t<div class=\"elementor-element elementor-element-0d44a9d elementor-widget elementor-widget-image\" data-id=\"0d44a9d\" data-element_type=\"widget\" data-e-type=\"widget\" data-widget_type=\"image.default\">\n\t\t\t\t<div class=\"elementor-widget-container\">\n\t\t\t\t\t\t\t\t\t\t\t\t\t\t\t<img fetchpriority=\"high\" decoding=\"async\" width=\"800\" height=\"102\" src=\"https:\/\/carlosacevedo.co\/wp-content\/uploads\/2024\/02\/Logo-Carlos-Acevedo.png\" class=\"attachment-large size-large wp-image-3529\" alt=\"\" srcset=\"https:\/\/carlosacevedo.co\/wp-content\/uploads\/2024\/02\/Logo-Carlos-Acevedo.png 853w, https:\/\/carlosacevedo.co\/wp-content\/uploads\/2024\/02\/Logo-Carlos-Acevedo-300x38.png 300w, https:\/\/carlosacevedo.co\/wp-content\/uploads\/2024\/02\/Logo-Carlos-Acevedo-768x98.png 768w\" sizes=\"(max-width: 800px) 100vw, 800px\" \/>\t\t\t\t\t\t\t\t\t\t\t\t\t\t\t<\/div>\n\t\t\t\t<\/div>\n\t\t\t\t\t<\/div>\n\t\t\t\t<\/div>\n\t\t<div data-particle_enable=\"false\" data-particle-mobile-disabled=\"false\" class=\"elementor-element elementor-element-e51b5a9 e-flex e-con-boxed e-con e-parent\" data-id=\"e51b5a9\" data-element_type=\"container\" data-e-type=\"container\" data-settings=\"{&quot;jet_parallax_layout_list&quot;:[]}\">\n\t\t\t\t\t<div class=\"e-con-inner\">\n\t\t\t\t<div class=\"elementor-element elementor-element-765190f elementor-widget__width-initial elementor-widget elementor-widget-heading\" data-id=\"765190f\" data-element_type=\"widget\" data-e-type=\"widget\" data-widget_type=\"heading.default\">\n\t\t\t\t<div class=\"elementor-widget-container\">\n\t\t\t\t\t<h2 class=\"elementor-heading-title elementor-size-default\">FINANCING EXCLUSIVELY FOR UNITED STATES RESIDENTS<\/h2>\t\t\t\t<\/div>\n\t\t\t\t<\/div>\n\t\t\t\t\t<\/div>\n\t\t\t\t<\/div>\n\t\t<div data-particle_enable=\"false\" data-particle-mobile-disabled=\"false\" class=\"elementor-element elementor-element-e282200 e-flex e-con-boxed e-con e-parent\" data-id=\"e282200\" data-element_type=\"container\" data-e-type=\"container\" data-settings=\"{&quot;jet_parallax_layout_list&quot;:[]}\">\n\t\t\t\t\t<div class=\"e-con-inner\">\n\t\t\t\t<div class=\"elementor-element elementor-element-26071db elementor-widget elementor-widget-text-editor\" data-id=\"26071db\" data-element_type=\"widget\" data-e-type=\"widget\" data-widget_type=\"text-editor.default\">\n\t\t\t\t<div class=\"elementor-widget-container\">\n\t\t\t\t\t\t\t\t\t<ul data-start=\"189\" data-end=\"987\"><li data-start=\"189\" data-end=\"286\"><p data-start=\"191\" data-end=\"286\">We offer a simple and fast online application, with <strong data-start=\"245\" data-end=\"283\">instant approval in seconds<\/strong>.<\/p><\/li><li data-start=\"287\" data-end=\"421\"><p data-start=\"289\" data-end=\"421\">Our platform includes more than <strong data-start=\"323\" data-end=\"342\">30 lenders<\/strong>, allowing you to apply simultaneously and choose the most favorable offer.<\/p><\/li><li data-start=\"422\" data-end=\"496\"><p data-start=\"424\" data-end=\"496\">We accept excellent, good, fair, and even poor credit profiles.<\/p><\/li><li data-start=\"497\" data-end=\"591\"><p data-start=\"499\" data-end=\"591\">The amount of financing ranges from about <strong data-start=\"541\" data-end=\"588\">a few hundred dollars up to $100,000 USD<\/strong>.<\/p><\/li><li data-start=\"592\" data-end=\"659\"><p data-start=\"594\" data-end=\"659\">The funds arrive in your account in <strong data-start=\"627\" data-end=\"656\">less than 48 business hours<\/strong>.<\/p><\/li><li data-start=\"660\" data-end=\"762\"><p data-start=\"662\" data-end=\"762\">Interest rates start at <strong data-start=\"696\" data-end=\"706\">4.99 %<\/strong>, with payment terms of up to <strong data-start=\"736\" data-end=\"759\">144 months (12 years)<\/strong>.<\/p><\/li><li data-start=\"763\" data-end=\"807\"><p data-start=\"765\" data-end=\"807\">Not required <strong data-start=\"780\" data-end=\"804\">guarantee or collateral<\/strong>.<\/p><\/li><li data-start=\"808\" data-end=\"864\"><p data-start=\"810\" data-end=\"864\">We work only with <strong data-start=\"836\" data-end=\"861\">certified doctors<\/strong>.<\/p><\/li><li data-start=\"865\" data-end=\"987\"><p data-start=\"867\" data-end=\"987\">The request <strong data-start=\"880\" data-end=\"917\">will not affect your credit score<\/strong>, since we only perform a soft credit inquiry.<\/p><\/li><\/ul>\t\t\t\t\t\t\t\t<\/div>\n\t\t\t\t<\/div>\n\t\t\t\t\t<\/div>\n\t\t\t\t<\/div>\n\t\t<div data-particle_enable=\"false\" data-particle-mobile-disabled=\"false\" class=\"elementor-element elementor-element-abffb7b e-flex e-con-boxed e-con e-parent\" data-id=\"abffb7b\" data-element_type=\"container\" data-e-type=\"container\" data-settings=\"{&quot;jet_parallax_layout_list&quot;:[]}\">\n\t\t\t\t\t<div class=\"e-con-inner\">\n\t\t\t\t\t<\/div>\n\t\t\t\t<\/div>\n\t\t<div data-particle_enable=\"false\" data-particle-mobile-disabled=\"false\" class=\"elementor-element elementor-element-39a5f4d e-flex e-con-boxed e-con e-parent\" data-id=\"39a5f4d\" data-element_type=\"container\" data-e-type=\"container\" data-settings=\"{&quot;jet_parallax_layout_list&quot;:[]}\">\n\t\t\t\t\t<div class=\"e-con-inner\">\n\t\t\t\t<div class=\"elementor-element elementor-element-08be67f elementor-widget__width-initial elementor-widget elementor-widget-heading\" data-id=\"08be67f\" data-element_type=\"widget\" data-e-type=\"widget\" data-widget_type=\"heading.default\">\n\t\t\t\t<div class=\"elementor-widget-container\">\n\t\t\t\t\t<h2 class=\"elementor-heading-title elementor-size-default\">Financial allies that make your new smile possible.<\/h2>\t\t\t\t<\/div>\n\t\t\t\t<\/div>\n\t\t\t\t<div class=\"elementor-element elementor-element-7b48252 elementor-widget elementor-widget-image\" data-id=\"7b48252\" data-element_type=\"widget\" data-e-type=\"widget\" data-widget_type=\"image.default\">\n\t\t\t\t<div class=\"elementor-widget-container\">\n\t\t\t\t\t\t\t\t\t\t\t\t\t\t\t<img decoding=\"async\" width=\"800\" height=\"640\" src=\"https:\/\/carlosacevedo.co\/wp-content\/uploads\/2025\/07\/Financing-01-1024x819.jpg\" class=\"attachment-large size-large wp-image-7127\" alt=\"\" srcset=\"https:\/\/carlosacevedo.co\/wp-content\/uploads\/2025\/07\/Financing-01-1024x819.jpg 1024w, https:\/\/carlosacevedo.co\/wp-content\/uploads\/2025\/07\/Financing-01-300x240.jpg 300w, https:\/\/carlosacevedo.co\/wp-content\/uploads\/2025\/07\/Financing-01-768x614.jpg 768w, https:\/\/carlosacevedo.co\/wp-content\/uploads\/2025\/07\/Financing-01-1536x1229.jpg 1536w, https:\/\/carlosacevedo.co\/wp-content\/uploads\/2025\/07\/Financing-01-15x12.jpg 15w, https:\/\/carlosacevedo.co\/wp-content\/uploads\/2025\/07\/Financing-01.jpg 2000w\" sizes=\"(max-width: 800px) 100vw, 800px\" \/>\t\t\t\t\t\t\t\t\t\t\t\t\t\t\t<\/div>\n\t\t\t\t<\/div>\n\t\t\t\t\t<\/div>\n\t\t\t\t<\/div>\n\t\t<div data-particle_enable=\"false\" data-particle-mobile-disabled=\"false\" class=\"elementor-element elementor-element-42f3be4 e-flex e-con-boxed e-con e-parent\" data-id=\"42f3be4\" data-element_type=\"container\" data-e-type=\"container\" data-settings=\"{&quot;background_background&quot;:&quot;classic&quot;,&quot;jet_parallax_layout_list&quot;:[]}\">\n\t\t\t\t\t<div class=\"e-con-inner\">\n\t\t\t\t<div class=\"elementor-element elementor-element-fceec24 elementor-widget elementor-widget-image\" data-id=\"fceec24\" data-element_type=\"widget\" data-e-type=\"widget\" data-widget_type=\"image.default\">\n\t\t\t\t<div class=\"elementor-widget-container\">\n\t\t\t\t\t\t\t\t\t\t\t\t\t\t\t<img decoding=\"async\" width=\"1\" height=\"1\" src=\"https:\/\/carlosacevedo.co\/wp-content\/uploads\/2024\/04\/Logo-ico.svg\" class=\"attachment-large size-large wp-image-5126\" alt=\"\" \/>\t\t\t\t\t\t\t\t\t\t\t\t\t\t\t<\/div>\n\t\t\t\t<\/div>\n\t\t\t\t<div class=\"elementor-element elementor-element-e74e666 elementor-widget__width-initial elementor-widget elementor-widget-heading\" data-id=\"e74e666\" data-element_type=\"widget\" data-e-type=\"widget\" data-widget_type=\"heading.default\">\n\t\t\t\t<div class=\"elementor-widget-container\">\n\t\t\t\t\t<h2 class=\"elementor-heading-title elementor-size-default\">You&#039;re just one click away from seeing your approved credit!<\/h2>\t\t\t\t<\/div>\n\t\t\t\t<\/div>\n\t\t\t\t\t<\/div>\n\t\t\t\t<\/div>\n\t\t<div data-particle_enable=\"false\" data-particle-mobile-disabled=\"false\" class=\"elementor-element elementor-element-378ecf0 e-flex e-con-boxed e-con e-parent\" data-id=\"378ecf0\" data-element_type=\"container\" data-e-type=\"container\" data-settings=\"{&quot;background_background&quot;:&quot;classic&quot;,&quot;jet_parallax_layout_list&quot;:[]}\">\n\t\t\t\t\t<div class=\"e-con-inner\">\n\t\t\t\t<div class=\"elementor-element elementor-element-df7844b elementor-widget elementor-widget-text-editor\" data-id=\"df7844b\" data-element_type=\"widget\" data-e-type=\"widget\" data-widget_type=\"text-editor.default\">\n\t\t\t\t<div class=\"elementor-widget-container\">\n\t\t\t\t\t\t\t\t\t<p>\u00a9 2025 Carlos Acevedo Dentistry<\/p>\t\t\t\t\t\t\t\t<\/div>\n\t\t\t\t<\/div>\n\t\t\t\t\t<\/div>\n\t\t\t\t<\/div>\n\t\t\t\t<\/div>","protected":false},"excerpt":{"rendered":"<p>FINANCIAMIENTO EXCLUSIVO PARA RESIDENTES DE ESTADOS UNIDOS Ofrecemos una solicitud en l\u00ednea simple y r\u00e1pida, con aprobaci\u00f3n instant\u00e1nea en segundos. Nuestra plataforma incluye m\u00e1s de 30 prestamistas, lo que te permite aplicar simult\u00e1neamente y elegir la oferta m\u00e1s favorable. Aceptamos perfiles de cr\u00e9dito excelente, bueno, regular y hasta pobre. El monto del financiamiento va desde [&hellip;]<\/p>","protected":false},"author":2,"featured_media":0,"parent":0,"menu_order":0,"comment_status":"closed","ping_status":"closed","template":"elementor_canvas","meta":{"_jet_sm_ready_style":"","_jet_sm_style":"","_jet_sm_controls_values":"","_jet_sm_fonts_collection":"","_jet_sm_fonts_links":"","footnotes":""},"class_list":["post-7098","page","type-page","status-publish","hentry"],"yoast_head":"<!-- This site is optimized with the Yoast SEO plugin v27.5 - https:\/\/yoast.com\/product\/yoast-seo-wordpress\/ -->\n<title>Financiamiento USA - Carlos Acevedo Odontolog\u00eda<\/title>\n<meta name=\"robots\" content=\"index, follow, max-snippet:-1, max-image-preview:large, max-video-preview:-1\" \/>\n<link rel=\"canonical\" href=\"https:\/\/carlosacevedo.co\/en\/financiamiento-usa\/\" \/>\n<meta property=\"og:locale\" content=\"en_US\" \/>\n<meta property=\"og:type\" content=\"article\" \/>\n<meta property=\"og:title\" content=\"Financiamiento USA - Carlos Acevedo Odontolog\u00eda\" \/>\n<meta property=\"og:description\" content=\"FINANCIAMIENTO EXCLUSIVO PARA RESIDENTES DE ESTADOS UNIDOS Ofrecemos una solicitud en l\u00ednea simple y r\u00e1pida, con aprobaci\u00f3n instant\u00e1nea en segundos. Nuestra plataforma incluye m\u00e1s de 30 prestamistas, lo que te permite aplicar simult\u00e1neamente y elegir la oferta m\u00e1s favorable. Aceptamos perfiles de cr\u00e9dito excelente, bueno, regular y hasta pobre. El monto del financiamiento va desde [&hellip;]\" \/>\n<meta property=\"og:url\" content=\"https:\/\/carlosacevedo.co\/en\/financiamiento-usa\/\" \/>\n<meta property=\"og:site_name\" content=\"Carlos Acevedo Odontolog\u00eda\" \/>\n<meta property=\"article:publisher\" content=\"https:\/\/www.facebook.com\/doctorcarlosacevedo\" \/>\n<meta property=\"article:modified_time\" content=\"2025-08-04T17:34:58+00:00\" \/>\n<meta property=\"og:image\" content=\"https:\/\/carlosacevedo.co\/wp-content\/uploads\/2024\/02\/Logo-Carlos-Acevedo.png\" \/>\n\t<meta property=\"og:image:width\" content=\"853\" \/>\n\t<meta property=\"og:image:height\" content=\"109\" \/>\n\t<meta property=\"og:image:type\" content=\"image\/png\" \/>\n<meta name=\"twitter:card\" content=\"summary_large_image\" \/>\n<meta name=\"twitter:site\" content=\"@carloshacevedot\" \/>\n<meta name=\"twitter:label1\" content=\"Est. reading time\" \/>\n\t<meta name=\"twitter:data1\" content=\"2 minutes\" \/>\n<script type=\"application\/ld+json\" class=\"yoast-schema-graph\">{\"@context\":\"https:\\\/\\\/schema.org\",\"@graph\":[{\"@type\":\"WebPage\",\"@id\":\"https:\\\/\\\/carlosacevedo.co\\\/financiamiento-usa\\\/\",\"url\":\"https:\\\/\\\/carlosacevedo.co\\\/financiamiento-usa\\\/\",\"name\":\"Financiamiento USA - Carlos Acevedo Odontolog\u00eda\",\"isPartOf\":{\"@id\":\"https:\\\/\\\/carlosacevedo.co\\\/#website\"},\"primaryImageOfPage\":{\"@id\":\"https:\\\/\\\/carlosacevedo.co\\\/financiamiento-usa\\\/#primaryimage\"},\"image\":{\"@id\":\"https:\\\/\\\/carlosacevedo.co\\\/financiamiento-usa\\\/#primaryimage\"},\"thumbnailUrl\":\"https:\\\/\\\/carlosacevedo.co\\\/wp-content\\\/uploads\\\/2024\\\/02\\\/Logo-Carlos-Acevedo.png\",\"datePublished\":\"2025-07-17T22:49:54+00:00\",\"dateModified\":\"2025-08-04T17:34:58+00:00\",\"breadcrumb\":{\"@id\":\"https:\\\/\\\/carlosacevedo.co\\\/financiamiento-usa\\\/#breadcrumb\"},\"inLanguage\":\"en-US\",\"potentialAction\":[{\"@type\":\"ReadAction\",\"target\":[\"https:\\\/\\\/carlosacevedo.co\\\/financiamiento-usa\\\/\"]}]},{\"@type\":\"ImageObject\",\"inLanguage\":\"en-US\",\"@id\":\"https:\\\/\\\/carlosacevedo.co\\\/financiamiento-usa\\\/#primaryimage\",\"url\":\"https:\\\/\\\/carlosacevedo.co\\\/wp-content\\\/uploads\\\/2024\\\/02\\\/Logo-Carlos-Acevedo.png\",\"contentUrl\":\"https:\\\/\\\/carlosacevedo.co\\\/wp-content\\\/uploads\\\/2024\\\/02\\\/Logo-Carlos-Acevedo.png\"},{\"@type\":\"BreadcrumbList\",\"@id\":\"https:\\\/\\\/carlosacevedo.co\\\/financiamiento-usa\\\/#breadcrumb\",\"itemListElement\":[{\"@type\":\"ListItem\",\"position\":1,\"name\":\"Inicio\",\"item\":\"https:\\\/\\\/carlosacevedo.co\\\/\"},{\"@type\":\"ListItem\",\"position\":2,\"name\":\"Financiamiento USA\"}]},{\"@type\":\"WebSite\",\"@id\":\"https:\\\/\\\/carlosacevedo.co\\\/#website\",\"url\":\"https:\\\/\\\/carlosacevedo.co\\\/\",\"name\":\"Carlos Acevedo Odontolog\u00eda\",\"description\":\"Somos un grupo de especialistas liderados por el Doctor CARLOS ACEVEDO, altamente capacitados en odontolog\u00eda en la ciudad de Barranquilla.\",\"publisher\":{\"@id\":\"https:\\\/\\\/carlosacevedo.co\\\/#organization\"},\"potentialAction\":[{\"@type\":\"SearchAction\",\"target\":{\"@type\":\"EntryPoint\",\"urlTemplate\":\"https:\\\/\\\/carlosacevedo.co\\\/?s={search_term_string}\"},\"query-input\":{\"@type\":\"PropertyValueSpecification\",\"valueRequired\":true,\"valueName\":\"search_term_string\"}}],\"inLanguage\":\"en-US\"},{\"@type\":\"Organization\",\"@id\":\"https:\\\/\\\/carlosacevedo.co\\\/#organization\",\"name\":\"Carlos Acevedo Odontolog\u00eda\",\"url\":\"https:\\\/\\\/carlosacevedo.co\\\/\",\"logo\":{\"@type\":\"ImageObject\",\"inLanguage\":\"en-US\",\"@id\":\"https:\\\/\\\/carlosacevedo.co\\\/#\\\/schema\\\/logo\\\/image\\\/\",\"url\":\"https:\\\/\\\/carlosacevedo.co\\\/wp-content\\\/uploads\\\/2023\\\/09\\\/Marca-CA.jpg\",\"contentUrl\":\"https:\\\/\\\/carlosacevedo.co\\\/wp-content\\\/uploads\\\/2023\\\/09\\\/Marca-CA.jpg\",\"width\":1920,\"height\":1080,\"caption\":\"Carlos Acevedo Odontolog\u00eda\"},\"image\":{\"@id\":\"https:\\\/\\\/carlosacevedo.co\\\/#\\\/schema\\\/logo\\\/image\\\/\"},\"sameAs\":[\"https:\\\/\\\/www.facebook.com\\\/doctorcarlosacevedo\",\"https:\\\/\\\/x.com\\\/carloshacevedot\",\"https:\\\/\\\/www.instagram.com\\\/doctorcarlosacevedo\",\"https:\\\/\\\/www.youtube.com\\\/channel\\\/UCYyCa-he-UJRndtbsUDr2zw\"]}]}<\/script>\n<!-- \/ Yoast SEO plugin. -->","yoast_head_json":{"title":"Financiamiento USA - Carlos Acevedo Odontolog\u00eda","robots":{"index":"index","follow":"follow","max-snippet":"max-snippet:-1","max-image-preview":"max-image-preview:large","max-video-preview":"max-video-preview:-1"},"canonical":"https:\/\/carlosacevedo.co\/en\/financiamiento-usa\/","og_locale":"en_US","og_type":"article","og_title":"Financiamiento USA - Carlos Acevedo Odontolog\u00eda","og_description":"FINANCIAMIENTO EXCLUSIVO PARA RESIDENTES DE ESTADOS UNIDOS Ofrecemos una solicitud en l\u00ednea simple y r\u00e1pida, con aprobaci\u00f3n instant\u00e1nea en segundos. Nuestra plataforma incluye m\u00e1s de 30 prestamistas, lo que te permite aplicar simult\u00e1neamente y elegir la oferta m\u00e1s favorable. Aceptamos perfiles de cr\u00e9dito excelente, bueno, regular y hasta pobre. El monto del financiamiento va desde [&hellip;]","og_url":"https:\/\/carlosacevedo.co\/en\/financiamiento-usa\/","og_site_name":"Carlos Acevedo Odontolog\u00eda","article_publisher":"https:\/\/www.facebook.com\/doctorcarlosacevedo","article_modified_time":"2025-08-04T17:34:58+00:00","og_image":[{"width":853,"height":109,"url":"https:\/\/carlosacevedo.co\/wp-content\/uploads\/2024\/02\/Logo-Carlos-Acevedo.png","type":"image\/png"}],"twitter_card":"summary_large_image","twitter_site":"@carloshacevedot","twitter_misc":{"Est. reading time":"2 minutes"},"schema":{"@context":"https:\/\/schema.org","@graph":[{"@type":"WebPage","@id":"https:\/\/carlosacevedo.co\/financiamiento-usa\/","url":"https:\/\/carlosacevedo.co\/financiamiento-usa\/","name":"Financiamiento USA - Carlos Acevedo Odontolog\u00eda","isPartOf":{"@id":"https:\/\/carlosacevedo.co\/#website"},"primaryImageOfPage":{"@id":"https:\/\/carlosacevedo.co\/financiamiento-usa\/#primaryimage"},"image":{"@id":"https:\/\/carlosacevedo.co\/financiamiento-usa\/#primaryimage"},"thumbnailUrl":"https:\/\/carlosacevedo.co\/wp-content\/uploads\/2024\/02\/Logo-Carlos-Acevedo.png","datePublished":"2025-07-17T22:49:54+00:00","dateModified":"2025-08-04T17:34:58+00:00","breadcrumb":{"@id":"https:\/\/carlosacevedo.co\/financiamiento-usa\/#breadcrumb"},"inLanguage":"en-US","potentialAction":[{"@type":"ReadAction","target":["https:\/\/carlosacevedo.co\/financiamiento-usa\/"]}]},{"@type":"ImageObject","inLanguage":"en-US","@id":"https:\/\/carlosacevedo.co\/financiamiento-usa\/#primaryimage","url":"https:\/\/carlosacevedo.co\/wp-content\/uploads\/2024\/02\/Logo-Carlos-Acevedo.png","contentUrl":"https:\/\/carlosacevedo.co\/wp-content\/uploads\/2024\/02\/Logo-Carlos-Acevedo.png"},{"@type":"BreadcrumbList","@id":"https:\/\/carlosacevedo.co\/financiamiento-usa\/#breadcrumb","itemListElement":[{"@type":"ListItem","position":1,"name":"Inicio","item":"https:\/\/carlosacevedo.co\/"},{"@type":"ListItem","position":2,"name":"Financiamiento USA"}]},{"@type":"WebSite","@id":"https:\/\/carlosacevedo.co\/#website","url":"https:\/\/carlosacevedo.co\/","name":"Carlos Acevedo Odontolog\u00eda","description":"Somos un grupo de especialistas liderados por el Doctor CARLOS ACEVEDO, altamente capacitados en odontolog\u00eda en la ciudad de Barranquilla.","publisher":{"@id":"https:\/\/carlosacevedo.co\/#organization"},"potentialAction":[{"@type":"SearchAction","target":{"@type":"EntryPoint","urlTemplate":"https:\/\/carlosacevedo.co\/?s={search_term_string}"},"query-input":{"@type":"PropertyValueSpecification","valueRequired":true,"valueName":"search_term_string"}}],"inLanguage":"en-US"},{"@type":"Organization","@id":"https:\/\/carlosacevedo.co\/#organization","name":"Carlos Acevedo Odontolog\u00eda","url":"https:\/\/carlosacevedo.co\/","logo":{"@type":"ImageObject","inLanguage":"en-US","@id":"https:\/\/carlosacevedo.co\/#\/schema\/logo\/image\/","url":"https:\/\/carlosacevedo.co\/wp-content\/uploads\/2023\/09\/Marca-CA.jpg","contentUrl":"https:\/\/carlosacevedo.co\/wp-content\/uploads\/2023\/09\/Marca-CA.jpg","width":1920,"height":1080,"caption":"Carlos Acevedo Odontolog\u00eda"},"image":{"@id":"https:\/\/carlosacevedo.co\/#\/schema\/logo\/image\/"},"sameAs":["https:\/\/www.facebook.com\/doctorcarlosacevedo","https:\/\/x.com\/carloshacevedot","https:\/\/www.instagram.com\/doctorcarlosacevedo","https:\/\/www.youtube.com\/channel\/UCYyCa-he-UJRndtbsUDr2zw"]}]}},"_links":{"self":[{"href":"https:\/\/carlosacevedo.co\/en\/wp-json\/wp\/v2\/pages\/7098","targetHints":{"allow":["GET"]}}],"collection":[{"href":"https:\/\/carlosacevedo.co\/en\/wp-json\/wp\/v2\/pages"}],"about":[{"href":"https:\/\/carlosacevedo.co\/en\/wp-json\/wp\/v2\/types\/page"}],"author":[{"embeddable":true,"href":"https:\/\/carlosacevedo.co\/en\/wp-json\/wp\/v2\/users\/2"}],"replies":[{"embeddable":true,"href":"https:\/\/carlosacevedo.co\/en\/wp-json\/wp\/v2\/comments?post=7098"}],"version-history":[{"count":58,"href":"https:\/\/carlosacevedo.co\/en\/wp-json\/wp\/v2\/pages\/7098\/revisions"}],"predecessor-version":[{"id":7452,"href":"https:\/\/carlosacevedo.co\/en\/wp-json\/wp\/v2\/pages\/7098\/revisions\/7452"}],"wp:attachment":[{"href":"https:\/\/carlosacevedo.co\/en\/wp-json\/wp\/v2\/media?parent=7098"}],"curies":[{"name":"wp","href":"https:\/\/api.w.org\/{rel}","templated":true}]}}