{"id":4837,"date":"2024-03-03T20:09:36","date_gmt":"2024-03-04T01:09:36","guid":{"rendered":"https:\/\/carlosacevedo.co\/?page_id=4837"},"modified":"2026-03-10T18:46:47","modified_gmt":"2026-03-10T23:46:47","slug":"gracias-consulta-virtual-preagenda","status":"publish","type":"page","link":"https:\/\/carlosacevedo.co\/en\/gracias-consulta-virtual-preagenda\/","title":{"rendered":"Gracias-consulta-virtual-preagenda"},"content":{"rendered":"<div data-elementor-type=\"wp-page\" data-elementor-id=\"4837\" class=\"elementor elementor-4837\" data-elementor-post-type=\"page\">\n\t\t\t\t<div data-particle_enable=\"false\" data-particle-mobile-disabled=\"false\" class=\"elementor-element elementor-element-3295e5f e-flex e-con-boxed e-con e-parent\" data-id=\"3295e5f\" data-element_type=\"container\" data-e-type=\"container\" data-settings=\"{&quot;jet_parallax_layout_list&quot;:[]}\">\n\t\t\t\t\t<div class=\"e-con-inner\">\n\t\t\t\t<div class=\"elementor-element elementor-element-212814b elementor-widget elementor-widget-jet-breadcrumbs\" data-id=\"212814b\" data-element_type=\"widget\" data-e-type=\"widget\" data-widget_type=\"jet-breadcrumbs.default\">\n\t\t\t\t<div class=\"elementor-widget-container\">\n\t\t\t\t\t<div class=\"elementor-jet-breadcrumbs jet-blocks\">\n\t\t<div class=\"jet-breadcrumbs\">\n\t\t<div class=\"jet-breadcrumbs__content\">\n\t\t<div class=\"jet-breadcrumbs__wrap\"><div class=\"jet-breadcrumbs__item\"><a href=\"https:\/\/carlosacevedo.co\/en\/\" class=\"jet-breadcrumbs__item-link is-home\" rel=\"home\" title=\"Dental clinic in Barranquilla\">Dental clinic in Barranquilla<\/a><\/div>\n\t\t<\/div>\n\t\t<\/div>\n\t\t<\/div><\/div>\t\t\t\t<\/div>\n\t\t\t\t<\/div>\n\t\t\t\t\t<\/div>\n\t\t\t\t<\/div>\n\t\t<div data-particle_enable=\"false\" data-particle-mobile-disabled=\"false\" class=\"elementor-element elementor-element-2f76b966 e-flex e-con-boxed e-con e-parent\" data-id=\"2f76b966\" data-element_type=\"container\" data-e-type=\"container\" data-settings=\"{&quot;jet_parallax_layout_list&quot;:[]}\">\n\t\t\t\t\t<div class=\"e-con-inner\">\n\t\t\t\t<div class=\"elementor-element elementor-element-3a42313 elementor-widget elementor-widget-image\" data-id=\"3a42313\" data-element_type=\"widget\" data-e-type=\"widget\" data-widget_type=\"image.default\">\n\t\t\t\t<div class=\"elementor-widget-container\">\n\t\t\t\t\t\t\t\t\t\t\t\t\t\t\t<img fetchpriority=\"high\" decoding=\"async\" width=\"512\" height=\"512\" src=\"https:\/\/carlosacevedo.co\/wp-content\/uploads\/2024\/03\/comprobado.png\" class=\"attachment-large size-large wp-image-4775\" alt=\"\" srcset=\"https:\/\/carlosacevedo.co\/wp-content\/uploads\/2024\/03\/comprobado.png 512w, https:\/\/carlosacevedo.co\/wp-content\/uploads\/2024\/03\/comprobado-300x300.png 300w, https:\/\/carlosacevedo.co\/wp-content\/uploads\/2024\/03\/comprobado-150x150.png 150w\" sizes=\"(max-width: 512px) 100vw, 512px\" \/>\t\t\t\t\t\t\t\t\t\t\t\t\t\t\t<\/div>\n\t\t\t\t<\/div>\n\t\t\t\t<div class=\"elementor-element elementor-element-72847873 elementor-widget-mobile__width-initial elementor-widget elementor-widget-text-editor\" data-id=\"72847873\" data-element_type=\"widget\" data-e-type=\"widget\" data-widget_type=\"text-editor.default\">\n\t\t\t\t<div class=\"elementor-widget-container\">\n\t\t\t\t\t\t\t\t\t<p><strong data-start=\"202\" data-end=\"244\">\u00a1Gracias, hemos recibido tu solicitud!<\/strong>\u00a0<\/p>\t\t\t\t\t\t\t\t<\/div>\n\t\t\t\t<\/div>\n\t\t\t\t<div class=\"elementor-element elementor-element-551c317 elementor-widget-mobile__width-initial elementor-widget elementor-widget-text-editor\" data-id=\"551c317\" data-element_type=\"widget\" data-e-type=\"widget\" data-widget_type=\"text-editor.default\">\n\t\t\t\t<div class=\"elementor-widget-container\">\n\t\t\t\t\t\t\t\t\t<p data-start=\"248\" data-end=\"354\"><br \/>Tu solicitud para la <strong data-start=\"269\" data-end=\"320\">Virtual consultation with Carlos Acevedo Dentistry<\/strong> ha sido registrada correctamente.<\/p><p data-start=\"356\" data-end=\"512\">En los pr\u00f3ximos minutos, <strong data-start=\"381\" data-end=\"434\">Our team will contact you via WhatsApp<\/strong> para compartirte la informaci\u00f3n necesaria y ayudarte a <strong data-start=\"490\" data-end=\"511\">confirmar tu cita<\/strong>.<\/p><p data-start=\"514\" data-end=\"599\">Estamos felices de acompa\u00f1arte en este paso hacia una sonrisa m\u00e1s saludable y segura.<\/p><p data-start=\"601\" data-end=\"641\"><strong data-start=\"601\" data-end=\"638\">Tu sonrisa es nuestro compromiso.<\/strong> \ud83e\uddb7<\/p>\t\t\t\t\t\t\t\t<\/div>\n\t\t\t\t<\/div>\n\t\t\t\t\t<\/div>\n\t\t\t\t<\/div>\n\t\t\t\t<\/div>","protected":false},"excerpt":{"rendered":"<p>Cl\u00ednica dental en barranquilla \u00a1Gracias, hemos recibido tu solicitud!\u00a0 Tu solicitud para la Consulta Virtual con Carlos Acevedo Odontolog\u00eda ha sido registrada correctamente. En los pr\u00f3ximos minutos, nuestro equipo se comunicar\u00e1 contigo por WhatsApp para compartirte la informaci\u00f3n necesaria y ayudarte a confirmar tu cita. Estamos felices de acompa\u00f1arte en este paso hacia una sonrisa [&hellip;]<\/p>","protected":false},"author":2,"featured_media":0,"parent":0,"menu_order":0,"comment_status":"closed","ping_status":"closed","template":"","meta":{"_jet_sm_ready_style":"","_jet_sm_style":"","_jet_sm_controls_values":"","_jet_sm_fonts_collection":"","_jet_sm_fonts_links":"","footnotes":""},"class_list":["post-4837","page","type-page","status-publish","hentry"],"yoast_head":"<!-- This site is optimized with the Yoast SEO plugin v27.4 - https:\/\/yoast.com\/product\/yoast-seo-wordpress\/ -->\n<title>Gracias-consulta-virtual-preagenda - Carlos Acevedo Odontolog\u00eda<\/title>\n<meta name=\"robots\" content=\"index, follow, max-snippet:-1, max-image-preview:large, max-video-preview:-1\" \/>\n<link rel=\"canonical\" href=\"https:\/\/carlosacevedo.co\/en\/gracias-consulta-virtual-preagenda\/\" \/>\n<meta property=\"og:locale\" content=\"en_US\" \/>\n<meta property=\"og:type\" content=\"article\" \/>\n<meta property=\"og:title\" content=\"Gracias-consulta-virtual-preagenda - Carlos Acevedo Odontolog\u00eda\" \/>\n<meta property=\"og:description\" content=\"Cl\u00ednica dental en barranquilla \u00a1Gracias, hemos recibido tu solicitud!\u00a0 Tu solicitud para la Consulta Virtual con Carlos Acevedo Odontolog\u00eda ha sido registrada correctamente. En los pr\u00f3ximos minutos, nuestro equipo se comunicar\u00e1 contigo por WhatsApp para compartirte la informaci\u00f3n necesaria y ayudarte a confirmar tu cita. Estamos felices de acompa\u00f1arte en este paso hacia una sonrisa [&hellip;]\" \/>\n<meta property=\"og:url\" content=\"https:\/\/carlosacevedo.co\/en\/gracias-consulta-virtual-preagenda\/\" \/>\n<meta property=\"og:site_name\" content=\"Carlos Acevedo Odontolog\u00eda\" \/>\n<meta property=\"article:publisher\" content=\"https:\/\/www.facebook.com\/doctorcarlosacevedo\" \/>\n<meta property=\"article:modified_time\" content=\"2026-03-10T23:46:47+00:00\" \/>\n<meta property=\"og:image\" content=\"https:\/\/carlosacevedo.co\/wp-content\/uploads\/2024\/03\/comprobado.png\" \/>\n<meta name=\"twitter:card\" content=\"summary_large_image\" \/>\n<meta name=\"twitter:site\" content=\"@carloshacevedot\" \/>\n<meta name=\"twitter:label1\" content=\"Est. reading time\" \/>\n\t<meta name=\"twitter:data1\" content=\"1 minute\" \/>\n<script type=\"application\/ld+json\" class=\"yoast-schema-graph\">{\"@context\":\"https:\\\/\\\/schema.org\",\"@graph\":[{\"@type\":\"WebPage\",\"@id\":\"https:\\\/\\\/carlosacevedo.co\\\/gracias-consulta-virtual-preagenda\\\/\",\"url\":\"https:\\\/\\\/carlosacevedo.co\\\/gracias-consulta-virtual-preagenda\\\/\",\"name\":\"Gracias-consulta-virtual-preagenda - Carlos Acevedo Odontolog\u00eda\",\"isPartOf\":{\"@id\":\"https:\\\/\\\/carlosacevedo.co\\\/#website\"},\"primaryImageOfPage\":{\"@id\":\"https:\\\/\\\/carlosacevedo.co\\\/gracias-consulta-virtual-preagenda\\\/#primaryimage\"},\"image\":{\"@id\":\"https:\\\/\\\/carlosacevedo.co\\\/gracias-consulta-virtual-preagenda\\\/#primaryimage\"},\"thumbnailUrl\":\"https:\\\/\\\/carlosacevedo.co\\\/wp-content\\\/uploads\\\/2024\\\/03\\\/comprobado.png\",\"datePublished\":\"2024-03-04T01:09:36+00:00\",\"dateModified\":\"2026-03-10T23:46:47+00:00\",\"breadcrumb\":{\"@id\":\"https:\\\/\\\/carlosacevedo.co\\\/gracias-consulta-virtual-preagenda\\\/#breadcrumb\"},\"inLanguage\":\"en-US\",\"potentialAction\":[{\"@type\":\"ReadAction\",\"target\":[\"https:\\\/\\\/carlosacevedo.co\\\/gracias-consulta-virtual-preagenda\\\/\"]}]},{\"@type\":\"ImageObject\",\"inLanguage\":\"en-US\",\"@id\":\"https:\\\/\\\/carlosacevedo.co\\\/gracias-consulta-virtual-preagenda\\\/#primaryimage\",\"url\":\"https:\\\/\\\/carlosacevedo.co\\\/wp-content\\\/uploads\\\/2024\\\/03\\\/comprobado.png\",\"contentUrl\":\"https:\\\/\\\/carlosacevedo.co\\\/wp-content\\\/uploads\\\/2024\\\/03\\\/comprobado.png\"},{\"@type\":\"BreadcrumbList\",\"@id\":\"https:\\\/\\\/carlosacevedo.co\\\/gracias-consulta-virtual-preagenda\\\/#breadcrumb\",\"itemListElement\":[{\"@type\":\"ListItem\",\"position\":1,\"name\":\"Inicio\",\"item\":\"https:\\\/\\\/carlosacevedo.co\\\/\"},{\"@type\":\"ListItem\",\"position\":2,\"name\":\"Gracias-consulta-virtual-preagenda\"}]},{\"@type\":\"WebSite\",\"@id\":\"https:\\\/\\\/carlosacevedo.co\\\/#website\",\"url\":\"https:\\\/\\\/carlosacevedo.co\\\/\",\"name\":\"Carlos Acevedo Odontolog\u00eda\",\"description\":\"Somos un grupo de especialistas liderados por el Doctor CARLOS ACEVEDO, altamente capacitados en odontolog\u00eda en la ciudad de Barranquilla.\",\"publisher\":{\"@id\":\"https:\\\/\\\/carlosacevedo.co\\\/#organization\"},\"potentialAction\":[{\"@type\":\"SearchAction\",\"target\":{\"@type\":\"EntryPoint\",\"urlTemplate\":\"https:\\\/\\\/carlosacevedo.co\\\/?s={search_term_string}\"},\"query-input\":{\"@type\":\"PropertyValueSpecification\",\"valueRequired\":true,\"valueName\":\"search_term_string\"}}],\"inLanguage\":\"en-US\"},{\"@type\":\"Organization\",\"@id\":\"https:\\\/\\\/carlosacevedo.co\\\/#organization\",\"name\":\"Carlos Acevedo Odontolog\u00eda\",\"url\":\"https:\\\/\\\/carlosacevedo.co\\\/\",\"logo\":{\"@type\":\"ImageObject\",\"inLanguage\":\"en-US\",\"@id\":\"https:\\\/\\\/carlosacevedo.co\\\/#\\\/schema\\\/logo\\\/image\\\/\",\"url\":\"https:\\\/\\\/carlosacevedo.co\\\/wp-content\\\/uploads\\\/2023\\\/09\\\/Marca-CA.jpg\",\"contentUrl\":\"https:\\\/\\\/carlosacevedo.co\\\/wp-content\\\/uploads\\\/2023\\\/09\\\/Marca-CA.jpg\",\"width\":1920,\"height\":1080,\"caption\":\"Carlos Acevedo Odontolog\u00eda\"},\"image\":{\"@id\":\"https:\\\/\\\/carlosacevedo.co\\\/#\\\/schema\\\/logo\\\/image\\\/\"},\"sameAs\":[\"https:\\\/\\\/www.facebook.com\\\/doctorcarlosacevedo\",\"https:\\\/\\\/x.com\\\/carloshacevedot\",\"https:\\\/\\\/www.instagram.com\\\/doctorcarlosacevedo\",\"https:\\\/\\\/www.youtube.com\\\/channel\\\/UCYyCa-he-UJRndtbsUDr2zw\"]}]}<\/script>\n<!-- \/ Yoast SEO plugin. -->","yoast_head_json":{"title":"Gracias-consulta-virtual-preagenda - Carlos Acevedo Odontolog\u00eda","robots":{"index":"index","follow":"follow","max-snippet":"max-snippet:-1","max-image-preview":"max-image-preview:large","max-video-preview":"max-video-preview:-1"},"canonical":"https:\/\/carlosacevedo.co\/en\/gracias-consulta-virtual-preagenda\/","og_locale":"en_US","og_type":"article","og_title":"Gracias-consulta-virtual-preagenda - Carlos Acevedo Odontolog\u00eda","og_description":"Cl\u00ednica dental en barranquilla \u00a1Gracias, hemos recibido tu solicitud!\u00a0 Tu solicitud para la Consulta Virtual con Carlos Acevedo Odontolog\u00eda ha sido registrada correctamente. En los pr\u00f3ximos minutos, nuestro equipo se comunicar\u00e1 contigo por WhatsApp para compartirte la informaci\u00f3n necesaria y ayudarte a confirmar tu cita. Estamos felices de acompa\u00f1arte en este paso hacia una sonrisa [&hellip;]","og_url":"https:\/\/carlosacevedo.co\/en\/gracias-consulta-virtual-preagenda\/","og_site_name":"Carlos Acevedo Odontolog\u00eda","article_publisher":"https:\/\/www.facebook.com\/doctorcarlosacevedo","article_modified_time":"2026-03-10T23:46:47+00:00","og_image":[{"url":"https:\/\/carlosacevedo.co\/wp-content\/uploads\/2024\/03\/comprobado.png","type":"","width":"","height":""}],"twitter_card":"summary_large_image","twitter_site":"@carloshacevedot","twitter_misc":{"Est. reading time":"1 minute"},"schema":{"@context":"https:\/\/schema.org","@graph":[{"@type":"WebPage","@id":"https:\/\/carlosacevedo.co\/gracias-consulta-virtual-preagenda\/","url":"https:\/\/carlosacevedo.co\/gracias-consulta-virtual-preagenda\/","name":"Gracias-consulta-virtual-preagenda - Carlos Acevedo Odontolog\u00eda","isPartOf":{"@id":"https:\/\/carlosacevedo.co\/#website"},"primaryImageOfPage":{"@id":"https:\/\/carlosacevedo.co\/gracias-consulta-virtual-preagenda\/#primaryimage"},"image":{"@id":"https:\/\/carlosacevedo.co\/gracias-consulta-virtual-preagenda\/#primaryimage"},"thumbnailUrl":"https:\/\/carlosacevedo.co\/wp-content\/uploads\/2024\/03\/comprobado.png","datePublished":"2024-03-04T01:09:36+00:00","dateModified":"2026-03-10T23:46:47+00:00","breadcrumb":{"@id":"https:\/\/carlosacevedo.co\/gracias-consulta-virtual-preagenda\/#breadcrumb"},"inLanguage":"en-US","potentialAction":[{"@type":"ReadAction","target":["https:\/\/carlosacevedo.co\/gracias-consulta-virtual-preagenda\/"]}]},{"@type":"ImageObject","inLanguage":"en-US","@id":"https:\/\/carlosacevedo.co\/gracias-consulta-virtual-preagenda\/#primaryimage","url":"https:\/\/carlosacevedo.co\/wp-content\/uploads\/2024\/03\/comprobado.png","contentUrl":"https:\/\/carlosacevedo.co\/wp-content\/uploads\/2024\/03\/comprobado.png"},{"@type":"BreadcrumbList","@id":"https:\/\/carlosacevedo.co\/gracias-consulta-virtual-preagenda\/#breadcrumb","itemListElement":[{"@type":"ListItem","position":1,"name":"Inicio","item":"https:\/\/carlosacevedo.co\/"},{"@type":"ListItem","position":2,"name":"Gracias-consulta-virtual-preagenda"}]},{"@type":"WebSite","@id":"https:\/\/carlosacevedo.co\/#website","url":"https:\/\/carlosacevedo.co\/","name":"Carlos Acevedo Odontolog\u00eda","description":"Somos un grupo de especialistas liderados por el Doctor CARLOS ACEVEDO, altamente capacitados en odontolog\u00eda en la ciudad de Barranquilla.","publisher":{"@id":"https:\/\/carlosacevedo.co\/#organization"},"potentialAction":[{"@type":"SearchAction","target":{"@type":"EntryPoint","urlTemplate":"https:\/\/carlosacevedo.co\/?s={search_term_string}"},"query-input":{"@type":"PropertyValueSpecification","valueRequired":true,"valueName":"search_term_string"}}],"inLanguage":"en-US"},{"@type":"Organization","@id":"https:\/\/carlosacevedo.co\/#organization","name":"Carlos Acevedo Odontolog\u00eda","url":"https:\/\/carlosacevedo.co\/","logo":{"@type":"ImageObject","inLanguage":"en-US","@id":"https:\/\/carlosacevedo.co\/#\/schema\/logo\/image\/","url":"https:\/\/carlosacevedo.co\/wp-content\/uploads\/2023\/09\/Marca-CA.jpg","contentUrl":"https:\/\/carlosacevedo.co\/wp-content\/uploads\/2023\/09\/Marca-CA.jpg","width":1920,"height":1080,"caption":"Carlos Acevedo Odontolog\u00eda"},"image":{"@id":"https:\/\/carlosacevedo.co\/#\/schema\/logo\/image\/"},"sameAs":["https:\/\/www.facebook.com\/doctorcarlosacevedo","https:\/\/x.com\/carloshacevedot","https:\/\/www.instagram.com\/doctorcarlosacevedo","https:\/\/www.youtube.com\/channel\/UCYyCa-he-UJRndtbsUDr2zw"]}]}},"_links":{"self":[{"href":"https:\/\/carlosacevedo.co\/en\/wp-json\/wp\/v2\/pages\/4837","targetHints":{"allow":["GET"]}}],"collection":[{"href":"https:\/\/carlosacevedo.co\/en\/wp-json\/wp\/v2\/pages"}],"about":[{"href":"https:\/\/carlosacevedo.co\/en\/wp-json\/wp\/v2\/types\/page"}],"author":[{"embeddable":true,"href":"https:\/\/carlosacevedo.co\/en\/wp-json\/wp\/v2\/users\/2"}],"replies":[{"embeddable":true,"href":"https:\/\/carlosacevedo.co\/en\/wp-json\/wp\/v2\/comments?post=4837"}],"version-history":[{"count":10,"href":"https:\/\/carlosacevedo.co\/en\/wp-json\/wp\/v2\/pages\/4837\/revisions"}],"predecessor-version":[{"id":8734,"href":"https:\/\/carlosacevedo.co\/en\/wp-json\/wp\/v2\/pages\/4837\/revisions\/8734"}],"wp:attachment":[{"href":"https:\/\/carlosacevedo.co\/en\/wp-json\/wp\/v2\/media?parent=4837"}],"curies":[{"name":"wp","href":"https:\/\/api.w.org\/{rel}","templated":true}]}}