{"id":2978,"date":"2024-01-24T12:21:21","date_gmt":"2024-01-24T17:21:21","guid":{"rendered":"https:\/\/carlosacevedo.co\/?page_id=2978"},"modified":"2024-01-24T12:23:58","modified_gmt":"2024-01-24T17:23:58","slug":"terminos-y-condiciones-de-uso","status":"publish","type":"page","link":"https:\/\/carlosacevedo.co\/en\/terminos-y-condiciones-de-uso\/","title":{"rendered":"Terms and Conditions of Use"},"content":{"rendered":"<div data-elementor-type=\"wp-page\" data-elementor-id=\"2978\" class=\"elementor elementor-2978\" data-elementor-post-type=\"page\">\n\t\t\t\t<div data-particle_enable=\"false\" data-particle-mobile-disabled=\"false\" class=\"elementor-element elementor-element-46b0e58e e-flex e-con-boxed e-con e-parent\" data-id=\"46b0e58e\" data-element_type=\"container\" data-e-type=\"container\" data-settings=\"{&quot;background_background&quot;:&quot;classic&quot;,&quot;jet_parallax_layout_list&quot;:[]}\">\n\t\t\t\t\t<div class=\"e-con-inner\">\n\t\t\t\t<div class=\"elementor-element elementor-element-6a91300d elementor-widget elementor-widget-jet-breadcrumbs\" data-id=\"6a91300d\" data-element_type=\"widget\" data-e-type=\"widget\" data-widget_type=\"jet-breadcrumbs.default\">\n\t\t\t\t<div class=\"elementor-widget-container\">\n\t\t\t\t\t<div class=\"elementor-jet-breadcrumbs jet-blocks\">\n\t\t<div class=\"jet-breadcrumbs\">\n\t\t<div class=\"jet-breadcrumbs__content\">\n\t\t<div class=\"jet-breadcrumbs__wrap\"><div class=\"jet-breadcrumbs__item\"><a href=\"https:\/\/carlosacevedo.co\/en\/\" class=\"jet-breadcrumbs__item-link is-home\" rel=\"home\" title=\"Home\">Home<\/a><\/div>\n\t\t<\/div>\n\t\t<\/div>\n\t\t<\/div><\/div>\t\t\t\t<\/div>\n\t\t\t\t<\/div>\n\t\t\t\t\t<\/div>\n\t\t\t\t<\/div>\n\t\t<div data-particle_enable=\"false\" data-particle-mobile-disabled=\"false\" class=\"elementor-element elementor-element-3d0ce7d e-flex e-con-boxed e-con e-parent\" data-id=\"3d0ce7d\" data-element_type=\"container\" data-e-type=\"container\" data-settings=\"{&quot;jet_parallax_layout_list&quot;:[]}\">\n\t\t\t\t\t<div class=\"e-con-inner\">\n\t\t\t\t<div class=\"elementor-element elementor-element-698985b elementor-widget elementor-widget-text-editor\" data-id=\"698985b\" data-element_type=\"widget\" data-e-type=\"widget\" data-widget_type=\"text-editor.default\">\n\t\t\t\t<div class=\"elementor-widget-container\">\n\t\t\t\t\t\t\t\t\t<h1><strong>Terms and Conditions of Use<br><\/strong><\/h1>\n<h4>1. Introduction<\/h4>\n<p>Welcome to the Carlos Acevedo Dentistry website. By accessing and using this website, you are agreeing to comply with the following terms and conditions of use, which together with our privacy policy, govern Carlos Acevedo Dentistry&#039;s relationship with you in relation to this website. If you disagree with any part of these terms and conditions, please do not use our website.<\/p>\n<p>The term &#039;Carlos Acevedo Dentistry&#039; or &#039;us&#039; refers to the owner of the website whose registered office is Calle 106 No. 50-67 Local 405 CC. Gran Boulevard, Barranquilla, Colombia. The term &#039;you&#039; refers to the user or visitor of our website.<\/p>\n<h4>2. Use of the Page<\/h4>\n<ul>\n<li>The content of the pages of this website is for your general information and use only. It is subject to change without notice.<\/li>\n<li>Neither we nor any third parties provide any warranty or guarantee as to the accuracy, timeliness, performance, completeness, or suitability of the information and materials found or offered on this website for any particular purpose. You acknowledge that such information and materials may contain inaccuracies or errors, and we expressly exclude liability for any such inaccuracies or errors to the fullest extent permitted by law.<\/li>\n<li>Your use of any information or materials on this website is entirely at your own risk, for which we shall not be liable. It is your own responsibility to ensure that any products, services, or information available through this website meet your specific requirements.<\/li>\n<\/ul>\n<h4>3. Copyright<\/h4>\n<ul>\n<li>This website contains material which is owned by or licensed to us. This material includes, but is not limited to, the design, layout, appearance, graphics, and content. Reproduction is prohibited other than in accordance with the copyright notice, which forms part of these terms and conditions.<\/li>\n<\/ul>\n<h4>4. Privacy Policy<\/h4>\n<ul>\n<li>Your privacy is important to us. Our Privacy Policy explains how we collect, use, protect, and, under certain circumstances, disclose your personal information. Be sure to read our privacy policy in detail.<\/li>\n<\/ul>\n<h4>5. Limitations of Liability<\/h4>\n<ul>\n<li>Carlos Acevedo Dentistry will not be liable for any damage or injury resulting from access or inability to access this website, or from reliance on any information provided on this site.<\/li>\n<\/ul>\n<h4>6. Links to Other Websites<\/h4>\n<ul>\n<li>Our website may contain links to other websites of interest. However, once you have used these links to leave our site, you should note that we do not have any control over that other website. Therefore, we cannot be responsible for the protection and privacy of any information which you provide while visiting such sites, and such sites are not governed by this privacy statement. You should exercise caution and look at the privacy statement applicable to the website in question.<\/li>\n<\/ul>\n<h4>7. Modifications<\/h4>\n<ul>\n<li>Carlos Acevedo Dentistry reserves the right to modify these terms and conditions at any time. We recommend that you review this page periodically to ensure you are familiar with the current terms.<\/li>\n<\/ul>\n<p>By using this website, you agree to be bound by these terms and conditions.<\/p>\t\t\t\t\t\t\t\t<\/div>\n\t\t\t\t<\/div>\n\t\t\t\t\t<\/div>\n\t\t\t\t<\/div>\n\t\t\t\t<\/div>","protected":false},"excerpt":{"rendered":"<p>Inicio T\u00e9rminos y Condiciones de Uso 1. Introducci\u00f3n Bienvenidos a la p\u00e1gina web de Carlos Acevedo Odontolog\u00eda. Al acceder y utilizar este sitio web, usted acepta cumplir con los siguientes t\u00e9rminos y condiciones de uso, que junto con nuestra pol\u00edtica de privacidad, rigen la relaci\u00f3n de Carlos Acevedo Odontolog\u00eda con usted en relaci\u00f3n a este [&hellip;]<\/p>","protected":false},"author":2,"featured_media":0,"parent":0,"menu_order":0,"comment_status":"closed","ping_status":"closed","template":"","meta":{"_jet_sm_ready_style":"","_jet_sm_style":"","_jet_sm_controls_values":"","_jet_sm_fonts_collection":"","_jet_sm_fonts_links":"","footnotes":""},"class_list":["post-2978","page","type-page","status-publish","hentry"],"yoast_head":"<!-- This site is optimized with the Yoast SEO plugin v27.4 - https:\/\/yoast.com\/product\/yoast-seo-wordpress\/ -->\n<title>T\u00e9rminos y Condiciones de Uso - Carlos Acevedo Odontolog\u00eda<\/title>\n<meta name=\"robots\" content=\"index, follow, max-snippet:-1, max-image-preview:large, max-video-preview:-1\" \/>\n<link rel=\"canonical\" href=\"https:\/\/carlosacevedo.co\/en\/terminos-y-condiciones-de-uso\/\" \/>\n<meta property=\"og:locale\" content=\"en_US\" \/>\n<meta property=\"og:type\" content=\"article\" \/>\n<meta property=\"og:title\" content=\"T\u00e9rminos y Condiciones de Uso - Carlos Acevedo Odontolog\u00eda\" \/>\n<meta property=\"og:description\" content=\"Inicio T\u00e9rminos y Condiciones de Uso 1. Introducci\u00f3n Bienvenidos a la p\u00e1gina web de Carlos Acevedo Odontolog\u00eda. Al acceder y utilizar este sitio web, usted acepta cumplir con los siguientes t\u00e9rminos y condiciones de uso, que junto con nuestra pol\u00edtica de privacidad, rigen la relaci\u00f3n de Carlos Acevedo Odontolog\u00eda con usted en relaci\u00f3n a este [&hellip;]\" \/>\n<meta property=\"og:url\" content=\"https:\/\/carlosacevedo.co\/en\/terminos-y-condiciones-de-uso\/\" \/>\n<meta property=\"og:site_name\" content=\"Carlos Acevedo Odontolog\u00eda\" \/>\n<meta property=\"article:publisher\" content=\"https:\/\/www.facebook.com\/doctorcarlosacevedo\" \/>\n<meta property=\"article:modified_time\" content=\"2024-01-24T17:23:58+00:00\" \/>\n<meta name=\"twitter:card\" content=\"summary_large_image\" \/>\n<meta name=\"twitter:site\" content=\"@carloshacevedot\" \/>\n<meta name=\"twitter:label1\" content=\"Est. reading time\" \/>\n\t<meta name=\"twitter:data1\" content=\"3 minutes\" \/>\n<script type=\"application\/ld+json\" class=\"yoast-schema-graph\">{\"@context\":\"https:\\\/\\\/schema.org\",\"@graph\":[{\"@type\":\"WebPage\",\"@id\":\"https:\\\/\\\/carlosacevedo.co\\\/terminos-y-condiciones-de-uso\\\/\",\"url\":\"https:\\\/\\\/carlosacevedo.co\\\/terminos-y-condiciones-de-uso\\\/\",\"name\":\"T\u00e9rminos y Condiciones de Uso - Carlos Acevedo Odontolog\u00eda\",\"isPartOf\":{\"@id\":\"https:\\\/\\\/carlosacevedo.co\\\/#website\"},\"datePublished\":\"2024-01-24T17:21:21+00:00\",\"dateModified\":\"2024-01-24T17:23:58+00:00\",\"breadcrumb\":{\"@id\":\"https:\\\/\\\/carlosacevedo.co\\\/terminos-y-condiciones-de-uso\\\/#breadcrumb\"},\"inLanguage\":\"en-US\",\"potentialAction\":[{\"@type\":\"ReadAction\",\"target\":[\"https:\\\/\\\/carlosacevedo.co\\\/terminos-y-condiciones-de-uso\\\/\"]}]},{\"@type\":\"BreadcrumbList\",\"@id\":\"https:\\\/\\\/carlosacevedo.co\\\/terminos-y-condiciones-de-uso\\\/#breadcrumb\",\"itemListElement\":[{\"@type\":\"ListItem\",\"position\":1,\"name\":\"Inicio\",\"item\":\"https:\\\/\\\/carlosacevedo.co\\\/\"},{\"@type\":\"ListItem\",\"position\":2,\"name\":\"T\u00e9rminos y Condiciones de Uso\"}]},{\"@type\":\"WebSite\",\"@id\":\"https:\\\/\\\/carlosacevedo.co\\\/#website\",\"url\":\"https:\\\/\\\/carlosacevedo.co\\\/\",\"name\":\"Carlos Acevedo Odontolog\u00eda\",\"description\":\"Somos un grupo de especialistas liderados por el Doctor CARLOS ACEVEDO, altamente capacitados en odontolog\u00eda en la ciudad de Barranquilla.\",\"publisher\":{\"@id\":\"https:\\\/\\\/carlosacevedo.co\\\/#organization\"},\"potentialAction\":[{\"@type\":\"SearchAction\",\"target\":{\"@type\":\"EntryPoint\",\"urlTemplate\":\"https:\\\/\\\/carlosacevedo.co\\\/?s={search_term_string}\"},\"query-input\":{\"@type\":\"PropertyValueSpecification\",\"valueRequired\":true,\"valueName\":\"search_term_string\"}}],\"inLanguage\":\"en-US\"},{\"@type\":\"Organization\",\"@id\":\"https:\\\/\\\/carlosacevedo.co\\\/#organization\",\"name\":\"Carlos Acevedo Odontolog\u00eda\",\"url\":\"https:\\\/\\\/carlosacevedo.co\\\/\",\"logo\":{\"@type\":\"ImageObject\",\"inLanguage\":\"en-US\",\"@id\":\"https:\\\/\\\/carlosacevedo.co\\\/#\\\/schema\\\/logo\\\/image\\\/\",\"url\":\"https:\\\/\\\/carlosacevedo.co\\\/wp-content\\\/uploads\\\/2023\\\/09\\\/Marca-CA.jpg\",\"contentUrl\":\"https:\\\/\\\/carlosacevedo.co\\\/wp-content\\\/uploads\\\/2023\\\/09\\\/Marca-CA.jpg\",\"width\":1920,\"height\":1080,\"caption\":\"Carlos Acevedo Odontolog\u00eda\"},\"image\":{\"@id\":\"https:\\\/\\\/carlosacevedo.co\\\/#\\\/schema\\\/logo\\\/image\\\/\"},\"sameAs\":[\"https:\\\/\\\/www.facebook.com\\\/doctorcarlosacevedo\",\"https:\\\/\\\/x.com\\\/carloshacevedot\",\"https:\\\/\\\/www.instagram.com\\\/doctorcarlosacevedo\",\"https:\\\/\\\/www.youtube.com\\\/channel\\\/UCYyCa-he-UJRndtbsUDr2zw\"]}]}<\/script>\n<!-- \/ Yoast SEO plugin. -->","yoast_head_json":{"title":"T\u00e9rminos y Condiciones de Uso - Carlos Acevedo Odontolog\u00eda","robots":{"index":"index","follow":"follow","max-snippet":"max-snippet:-1","max-image-preview":"max-image-preview:large","max-video-preview":"max-video-preview:-1"},"canonical":"https:\/\/carlosacevedo.co\/en\/terminos-y-condiciones-de-uso\/","og_locale":"en_US","og_type":"article","og_title":"T\u00e9rminos y Condiciones de Uso - Carlos Acevedo Odontolog\u00eda","og_description":"Inicio T\u00e9rminos y Condiciones de Uso 1. Introducci\u00f3n Bienvenidos a la p\u00e1gina web de Carlos Acevedo Odontolog\u00eda. Al acceder y utilizar este sitio web, usted acepta cumplir con los siguientes t\u00e9rminos y condiciones de uso, que junto con nuestra pol\u00edtica de privacidad, rigen la relaci\u00f3n de Carlos Acevedo Odontolog\u00eda con usted en relaci\u00f3n a este [&hellip;]","og_url":"https:\/\/carlosacevedo.co\/en\/terminos-y-condiciones-de-uso\/","og_site_name":"Carlos Acevedo Odontolog\u00eda","article_publisher":"https:\/\/www.facebook.com\/doctorcarlosacevedo","article_modified_time":"2024-01-24T17:23:58+00:00","twitter_card":"summary_large_image","twitter_site":"@carloshacevedot","twitter_misc":{"Est. reading time":"3 minutes"},"schema":{"@context":"https:\/\/schema.org","@graph":[{"@type":"WebPage","@id":"https:\/\/carlosacevedo.co\/terminos-y-condiciones-de-uso\/","url":"https:\/\/carlosacevedo.co\/terminos-y-condiciones-de-uso\/","name":"T\u00e9rminos y Condiciones de Uso - Carlos Acevedo Odontolog\u00eda","isPartOf":{"@id":"https:\/\/carlosacevedo.co\/#website"},"datePublished":"2024-01-24T17:21:21+00:00","dateModified":"2024-01-24T17:23:58+00:00","breadcrumb":{"@id":"https:\/\/carlosacevedo.co\/terminos-y-condiciones-de-uso\/#breadcrumb"},"inLanguage":"en-US","potentialAction":[{"@type":"ReadAction","target":["https:\/\/carlosacevedo.co\/terminos-y-condiciones-de-uso\/"]}]},{"@type":"BreadcrumbList","@id":"https:\/\/carlosacevedo.co\/terminos-y-condiciones-de-uso\/#breadcrumb","itemListElement":[{"@type":"ListItem","position":1,"name":"Inicio","item":"https:\/\/carlosacevedo.co\/"},{"@type":"ListItem","position":2,"name":"T\u00e9rminos y Condiciones de Uso"}]},{"@type":"WebSite","@id":"https:\/\/carlosacevedo.co\/#website","url":"https:\/\/carlosacevedo.co\/","name":"Carlos Acevedo Odontolog\u00eda","description":"Somos un grupo de especialistas liderados por el Doctor CARLOS ACEVEDO, altamente capacitados en odontolog\u00eda en la ciudad de Barranquilla.","publisher":{"@id":"https:\/\/carlosacevedo.co\/#organization"},"potentialAction":[{"@type":"SearchAction","target":{"@type":"EntryPoint","urlTemplate":"https:\/\/carlosacevedo.co\/?s={search_term_string}"},"query-input":{"@type":"PropertyValueSpecification","valueRequired":true,"valueName":"search_term_string"}}],"inLanguage":"en-US"},{"@type":"Organization","@id":"https:\/\/carlosacevedo.co\/#organization","name":"Carlos Acevedo Odontolog\u00eda","url":"https:\/\/carlosacevedo.co\/","logo":{"@type":"ImageObject","inLanguage":"en-US","@id":"https:\/\/carlosacevedo.co\/#\/schema\/logo\/image\/","url":"https:\/\/carlosacevedo.co\/wp-content\/uploads\/2023\/09\/Marca-CA.jpg","contentUrl":"https:\/\/carlosacevedo.co\/wp-content\/uploads\/2023\/09\/Marca-CA.jpg","width":1920,"height":1080,"caption":"Carlos Acevedo Odontolog\u00eda"},"image":{"@id":"https:\/\/carlosacevedo.co\/#\/schema\/logo\/image\/"},"sameAs":["https:\/\/www.facebook.com\/doctorcarlosacevedo","https:\/\/x.com\/carloshacevedot","https:\/\/www.instagram.com\/doctorcarlosacevedo","https:\/\/www.youtube.com\/channel\/UCYyCa-he-UJRndtbsUDr2zw"]}]}},"_links":{"self":[{"href":"https:\/\/carlosacevedo.co\/en\/wp-json\/wp\/v2\/pages\/2978","targetHints":{"allow":["GET"]}}],"collection":[{"href":"https:\/\/carlosacevedo.co\/en\/wp-json\/wp\/v2\/pages"}],"about":[{"href":"https:\/\/carlosacevedo.co\/en\/wp-json\/wp\/v2\/types\/page"}],"author":[{"embeddable":true,"href":"https:\/\/carlosacevedo.co\/en\/wp-json\/wp\/v2\/users\/2"}],"replies":[{"embeddable":true,"href":"https:\/\/carlosacevedo.co\/en\/wp-json\/wp\/v2\/comments?post=2978"}],"version-history":[{"count":0,"href":"https:\/\/carlosacevedo.co\/en\/wp-json\/wp\/v2\/pages\/2978\/revisions"}],"wp:attachment":[{"href":"https:\/\/carlosacevedo.co\/en\/wp-json\/wp\/v2\/media?parent=2978"}],"curies":[{"name":"wp","href":"https:\/\/api.w.org\/{rel}","templated":true}]}}