{"id":2165,"date":"2023-10-18T16:19:20","date_gmt":"2023-10-18T21:19:20","guid":{"rendered":"https:\/\/carlosacevedo.co\/?page_id=2165"},"modified":"2023-11-07T10:08:20","modified_gmt":"2023-11-07T15:08:20","slug":"doctor-carlos-acevedo","status":"publish","type":"page","link":"https:\/\/carlosacevedo.co\/en\/doctor-carlos-acevedo\/","title":{"rendered":"Dr. Carlos Acevedo"},"content":{"rendered":"<div data-elementor-type=\"wp-page\" data-elementor-id=\"2165\" class=\"elementor elementor-2165\" data-elementor-post-type=\"page\">\n\t\t\t\t<div data-particle_enable=\"false\" data-particle-mobile-disabled=\"false\" class=\"elementor-element elementor-element-61d790ff e-flex e-con-boxed e-con e-parent\" data-id=\"61d790ff\" data-element_type=\"container\" data-e-type=\"container\" data-settings=\"{&quot;background_background&quot;:&quot;classic&quot;,&quot;jet_parallax_layout_list&quot;:[]}\">\n\t\t\t\t\t<div class=\"e-con-inner\">\n\t\t\t\t<div class=\"elementor-element elementor-element-12d4c771 elementor-widget elementor-widget-jet-breadcrumbs\" data-id=\"12d4c771\" data-element_type=\"widget\" data-e-type=\"widget\" data-widget_type=\"jet-breadcrumbs.default\">\n\t\t\t\t<div class=\"elementor-widget-container\">\n\t\t\t\t\t<div class=\"elementor-jet-breadcrumbs jet-blocks\">\n\t\t<div class=\"jet-breadcrumbs\">\n\t\t<div class=\"jet-breadcrumbs__content\">\n\t\t<div class=\"jet-breadcrumbs__wrap\"><div class=\"jet-breadcrumbs__item\"><a href=\"https:\/\/carlosacevedo.co\/en\/\" class=\"jet-breadcrumbs__item-link is-home\" rel=\"home\" title=\"Home\">Home<\/a><\/div>\n\t\t<\/div>\n\t\t<\/div>\n\t\t<\/div><\/div>\t\t\t\t<\/div>\n\t\t\t\t<\/div>\n\t\t\t\t\t<\/div>\n\t\t\t\t<\/div>\n\t\t<div data-particle_enable=\"false\" data-particle-mobile-disabled=\"false\" class=\"elementor-element elementor-element-4e50777b e-con-full elementor-hidden-mobile e-flex e-con e-parent\" data-id=\"4e50777b\" data-element_type=\"container\" data-e-type=\"container\" data-settings=\"{&quot;background_background&quot;:&quot;classic&quot;,&quot;jet_parallax_layout_list&quot;:[]}\">\n\t\t<div data-particle_enable=\"false\" data-particle-mobile-disabled=\"false\" class=\"elementor-element elementor-element-680c3844 e-con-full e-flex e-con e-child\" data-id=\"680c3844\" data-element_type=\"container\" data-e-type=\"container\" data-settings=\"{&quot;jet_parallax_layout_list&quot;:[]}\">\n\t\t\t\t<div class=\"elementor-element elementor-element-27dc3dd1 elementor-widget elementor-widget-text-editor\" data-id=\"27dc3dd1\" data-element_type=\"widget\" data-e-type=\"widget\" data-widget_type=\"text-editor.default\">\n\t\t\t\t<div class=\"elementor-widget-container\">\n\t\t\t\t\t\t\t\t\t<p>Doctor<\/p>\t\t\t\t\t\t\t\t<\/div>\n\t\t\t\t<\/div>\n\t\t\t\t<div class=\"elementor-element elementor-element-52fafa2a elementor-widget elementor-widget-heading\" data-id=\"52fafa2a\" data-element_type=\"widget\" data-e-type=\"widget\" data-widget_type=\"heading.default\">\n\t\t\t\t<div class=\"elementor-widget-container\">\n\t\t\t\t\t<h2 class=\"elementor-heading-title elementor-size-default\">Carlos Acevedo<\/h2>\t\t\t\t<\/div>\n\t\t\t\t<\/div>\n\t\t\t\t<div class=\"elementor-element elementor-element-745e3254 elementor-mobile-align-center elementor-widget__width-auto elementor-widget-mobile__width-inherit elementor-invisible elementor-widget elementor-widget-button\" data-id=\"745e3254\" data-element_type=\"widget\" data-e-type=\"widget\" data-settings=\"{&quot;_animation&quot;:&quot;fadeInDown&quot;}\" data-widget_type=\"button.default\">\n\t\t\t\t<div class=\"elementor-widget-container\">\n\t\t\t\t\t\t\t\t\t<div class=\"elementor-button-wrapper\">\n\t\t\t\t\t<a class=\"elementor-button elementor-button-link elementor-size-sm\" href=\"#\">\n\t\t\t\t\t\t<span class=\"elementor-button-content-wrapper\">\n\t\t\t\t\t\t<span class=\"elementor-button-icon\">\n\t\t\t\t<i aria-hidden=\"true\" class=\"fas fa-long-arrow-alt-right\"><\/i>\t\t\t<\/span>\n\t\t\t\t\t\t\t\t\t<span class=\"elementor-button-text\">Click here<\/span>\n\t\t\t\t\t<\/span>\n\t\t\t\t\t<\/a>\n\t\t\t\t<\/div>\n\t\t\t\t\t\t\t\t<\/div>\n\t\t\t\t<\/div>\n\t\t\t\t<\/div>\n\t\t\t\t<\/div>\n\t\t<div data-particle_enable=\"false\" data-particle-mobile-disabled=\"false\" class=\"elementor-element elementor-element-86a2cfc e-flex e-con-boxed e-con e-parent\" data-id=\"86a2cfc\" data-element_type=\"container\" data-e-type=\"container\" data-settings=\"{&quot;background_background&quot;:&quot;classic&quot;,&quot;jet_parallax_layout_list&quot;:[]}\">\n\t\t\t\t\t<div class=\"e-con-inner\">\n\t\t<div data-particle_enable=\"false\" data-particle-mobile-disabled=\"false\" class=\"elementor-element elementor-element-ab09ea0 e-con-full e-flex e-con e-child\" data-id=\"ab09ea0\" data-element_type=\"container\" data-e-type=\"container\" data-settings=\"{&quot;jet_parallax_layout_list&quot;:[]}\">\n\t\t\t\t<div class=\"elementor-element elementor-element-47ec20b elementor-widget elementor-widget-image\" data-id=\"47ec20b\" data-element_type=\"widget\" data-e-type=\"widget\" data-widget_type=\"image.default\">\n\t\t\t\t<div class=\"elementor-widget-container\">\n\t\t\t\t\t\t\t\t\t\t\t\t\t\t\t<img fetchpriority=\"high\" decoding=\"async\" width=\"600\" height=\"900\" src=\"https:\/\/carlosacevedo.co\/wp-content\/uploads\/2023\/11\/Carlos-web-2.jpg\" class=\"attachment-full size-full wp-image-2704\" alt=\"\" srcset=\"https:\/\/carlosacevedo.co\/wp-content\/uploads\/2023\/11\/Carlos-web-2.jpg 600w, https:\/\/carlosacevedo.co\/wp-content\/uploads\/2023\/11\/Carlos-web-2-200x300.jpg 200w\" sizes=\"(max-width: 600px) 100vw, 600px\" \/>\t\t\t\t\t\t\t\t\t\t\t\t\t\t\t<\/div>\n\t\t\t\t<\/div>\n\t\t\t\t<\/div>\n\t\t<div data-particle_enable=\"false\" data-particle-mobile-disabled=\"false\" class=\"elementor-element elementor-element-a9d7e10 e-con-full e-flex e-con e-child\" data-id=\"a9d7e10\" data-element_type=\"container\" data-e-type=\"container\" data-settings=\"{&quot;jet_parallax_layout_list&quot;:[]}\">\n\t\t\t\t<div class=\"elementor-element elementor-element-b588e3c elementor-widget elementor-widget-heading\" data-id=\"b588e3c\" data-element_type=\"widget\" data-e-type=\"widget\" data-widget_type=\"heading.default\">\n\t\t\t\t<div class=\"elementor-widget-container\">\n\t\t\t\t\t<h2 class=\"elementor-heading-title elementor-size-default\">Hello, I&#039;m Carlos Acevedo,<\/h2>\t\t\t\t<\/div>\n\t\t\t\t<\/div>\n\t\t\t\t<div class=\"elementor-element elementor-element-da567e4 elementor-widget elementor-widget-text-editor\" data-id=\"da567e4\" data-element_type=\"widget\" data-e-type=\"widget\" data-widget_type=\"text-editor.default\">\n\t\t\t\t<div class=\"elementor-widget-container\">\n\t\t\t\t\t\t\t\t\t<p>A dentist from the Universidad Santo Tom\u00e1s de Bucaramanga, I am a specialist in Oral Surgery and Implantology from the Colombian Dental College. I am an international lecturer on Bicon Dental Implants from the Bicon Institute in Boston, USA, and a Certified Trainer in CEREC Solutions for the Digital Design and Construction of Dental Restorations with CAD\/CAM Technology from Sirona, Bensheim, Germany.\u00a0<\/p><p>I define myself as a person in constant evolution, both spiritually and professionally. I am joyful, grateful for life, and faithful to my spirit as an eternal learner. I have completed Continuing Education studies in Dentistry at New York University; Oral Health Management, Dental Marketing, and Life Management Coaching. I have taught Oral Surgery and Medicine at the Dental College of Bogot\u00e1 and at the Metropolitan and San Martin Universities in Barranquilla.<\/p>\t\t\t\t\t\t\t\t<\/div>\n\t\t\t\t<\/div>\n\t\t\t\t<\/div>\n\t\t<div data-particle_enable=\"false\" data-particle-mobile-disabled=\"false\" class=\"elementor-element elementor-element-4e8de0d e-con-full e-flex e-con e-child\" data-id=\"4e8de0d\" data-element_type=\"container\" data-e-type=\"container\" data-settings=\"{&quot;jet_parallax_layout_list&quot;:[]}\">\n\t\t\t\t<div class=\"elementor-element elementor-element-b681897 elementor-widget elementor-widget-text-editor\" data-id=\"b681897\" data-element_type=\"widget\" data-e-type=\"widget\" data-widget_type=\"text-editor.default\">\n\t\t\t\t<div class=\"elementor-widget-container\">\n\t\t\t\t\t\t\t\t\t<p>From my Carlos Acevedo Dental Clinic in Barranquilla, I lead an interdisciplinary team of qualified and committed specialists with excellent principles of warm and respectful treatment, professional excellence, and ongoing training.<\/p><p>We strive to constantly innovate in technology and materials to continually improve our services and stay at the forefront of the Caribbean dental market.<\/p><p>Our motto, \u201c<b>Your smile is our commitment<\/b>&quot; reflects my sense of responsibility toward patients and is our guarantee of trust and confidence in accurate diagnoses and ideal treatment plans with alternatives for the effective solution to their dental problems. Allow me to be your best ally and have the pleasure of meeting you.<\/p>\t\t\t\t\t\t\t\t<\/div>\n\t\t\t\t<\/div>\n\t\t\t\t<\/div>\n\t\t\t\t\t<\/div>\n\t\t\t\t<\/div>\n\t\t\t\t<\/div>","protected":false},"excerpt":{"rendered":"<p>Inicio Doctor CARLOS ACEVEDO Haz clic aqu\u00ed Hola, soy Carlos Acevedo, Odont\u00f3logo de la Universidad Santo Tom\u00e1s de Bucaramanga; soy especialista en Cirug\u00eda e Implantolog\u00eda Oral del Colegio Odontol\u00f3gico de Colombia; Conferencista internacional de Bicon Dental Implants, del Instituto Bicon de Boston, Estados Unidos y Entrenador Certificado en Soluciones CEREC para el Dise\u00f1o y Construcci\u00f3n [&hellip;]<\/p>","protected":false},"author":2,"featured_media":0,"parent":0,"menu_order":0,"comment_status":"closed","ping_status":"closed","template":"","meta":{"_jet_sm_ready_style":"","_jet_sm_style":"","_jet_sm_controls_values":"","_jet_sm_fonts_collection":"","_jet_sm_fonts_links":"","footnotes":""},"class_list":["post-2165","page","type-page","status-publish","hentry"],"yoast_head":"<!-- This site is optimized with the Yoast SEO plugin v27.4 - https:\/\/yoast.com\/product\/yoast-seo-wordpress\/ -->\n<title>Doctor Carlos Acevedo - Carlos Acevedo Odontolog\u00eda<\/title>\n<meta name=\"robots\" content=\"index, follow, max-snippet:-1, max-image-preview:large, max-video-preview:-1\" \/>\n<link rel=\"canonical\" href=\"https:\/\/carlosacevedo.co\/en\/doctor-carlos-acevedo\/\" \/>\n<meta property=\"og:locale\" content=\"en_US\" \/>\n<meta property=\"og:type\" content=\"article\" \/>\n<meta property=\"og:title\" content=\"Doctor Carlos Acevedo - Carlos Acevedo Odontolog\u00eda\" \/>\n<meta property=\"og:description\" content=\"Inicio Doctor CARLOS ACEVEDO Haz clic aqu\u00ed Hola, soy Carlos Acevedo, Odont\u00f3logo de la Universidad Santo Tom\u00e1s de Bucaramanga; soy especialista en Cirug\u00eda e Implantolog\u00eda Oral del Colegio Odontol\u00f3gico de Colombia; Conferencista internacional de Bicon Dental Implants, del Instituto Bicon de Boston, Estados Unidos y Entrenador Certificado en Soluciones CEREC para el Dise\u00f1o y Construcci\u00f3n [&hellip;]\" \/>\n<meta property=\"og:url\" content=\"https:\/\/carlosacevedo.co\/en\/doctor-carlos-acevedo\/\" \/>\n<meta property=\"og:site_name\" content=\"Carlos Acevedo Odontolog\u00eda\" \/>\n<meta property=\"article:publisher\" content=\"https:\/\/www.facebook.com\/doctorcarlosacevedo\" \/>\n<meta property=\"article:modified_time\" content=\"2023-11-07T15:08:20+00:00\" \/>\n<meta property=\"og:image\" content=\"https:\/\/carlosacevedo.co\/wp-content\/uploads\/2023\/11\/Carlos-web-2.jpg\" \/>\n<meta name=\"twitter:card\" content=\"summary_large_image\" \/>\n<meta name=\"twitter:site\" content=\"@carloshacevedot\" \/>\n<meta name=\"twitter:label1\" content=\"Est. reading time\" \/>\n\t<meta name=\"twitter:data1\" content=\"2 minutes\" \/>\n<script type=\"application\/ld+json\" class=\"yoast-schema-graph\">{\"@context\":\"https:\\\/\\\/schema.org\",\"@graph\":[{\"@type\":\"WebPage\",\"@id\":\"https:\\\/\\\/carlosacevedo.co\\\/doctor-carlos-acevedo\\\/\",\"url\":\"https:\\\/\\\/carlosacevedo.co\\\/doctor-carlos-acevedo\\\/\",\"name\":\"Doctor Carlos Acevedo - Carlos Acevedo Odontolog\u00eda\",\"isPartOf\":{\"@id\":\"https:\\\/\\\/carlosacevedo.co\\\/#website\"},\"primaryImageOfPage\":{\"@id\":\"https:\\\/\\\/carlosacevedo.co\\\/doctor-carlos-acevedo\\\/#primaryimage\"},\"image\":{\"@id\":\"https:\\\/\\\/carlosacevedo.co\\\/doctor-carlos-acevedo\\\/#primaryimage\"},\"thumbnailUrl\":\"https:\\\/\\\/carlosacevedo.co\\\/wp-content\\\/uploads\\\/2023\\\/11\\\/Carlos-web-2.jpg\",\"datePublished\":\"2023-10-18T21:19:20+00:00\",\"dateModified\":\"2023-11-07T15:08:20+00:00\",\"breadcrumb\":{\"@id\":\"https:\\\/\\\/carlosacevedo.co\\\/doctor-carlos-acevedo\\\/#breadcrumb\"},\"inLanguage\":\"en-US\",\"potentialAction\":[{\"@type\":\"ReadAction\",\"target\":[\"https:\\\/\\\/carlosacevedo.co\\\/doctor-carlos-acevedo\\\/\"]}]},{\"@type\":\"ImageObject\",\"inLanguage\":\"en-US\",\"@id\":\"https:\\\/\\\/carlosacevedo.co\\\/doctor-carlos-acevedo\\\/#primaryimage\",\"url\":\"https:\\\/\\\/carlosacevedo.co\\\/wp-content\\\/uploads\\\/2023\\\/11\\\/Carlos-web-2.jpg\",\"contentUrl\":\"https:\\\/\\\/carlosacevedo.co\\\/wp-content\\\/uploads\\\/2023\\\/11\\\/Carlos-web-2.jpg\"},{\"@type\":\"BreadcrumbList\",\"@id\":\"https:\\\/\\\/carlosacevedo.co\\\/doctor-carlos-acevedo\\\/#breadcrumb\",\"itemListElement\":[{\"@type\":\"ListItem\",\"position\":1,\"name\":\"Inicio\",\"item\":\"https:\\\/\\\/carlosacevedo.co\\\/\"},{\"@type\":\"ListItem\",\"position\":2,\"name\":\"Doctor Carlos Acevedo\"}]},{\"@type\":\"WebSite\",\"@id\":\"https:\\\/\\\/carlosacevedo.co\\\/#website\",\"url\":\"https:\\\/\\\/carlosacevedo.co\\\/\",\"name\":\"Carlos Acevedo Odontolog\u00eda\",\"description\":\"Somos un grupo de especialistas liderados por el Doctor CARLOS ACEVEDO, altamente capacitados en odontolog\u00eda en la ciudad de Barranquilla.\",\"publisher\":{\"@id\":\"https:\\\/\\\/carlosacevedo.co\\\/#organization\"},\"potentialAction\":[{\"@type\":\"SearchAction\",\"target\":{\"@type\":\"EntryPoint\",\"urlTemplate\":\"https:\\\/\\\/carlosacevedo.co\\\/?s={search_term_string}\"},\"query-input\":{\"@type\":\"PropertyValueSpecification\",\"valueRequired\":true,\"valueName\":\"search_term_string\"}}],\"inLanguage\":\"en-US\"},{\"@type\":\"Organization\",\"@id\":\"https:\\\/\\\/carlosacevedo.co\\\/#organization\",\"name\":\"Carlos Acevedo Odontolog\u00eda\",\"url\":\"https:\\\/\\\/carlosacevedo.co\\\/\",\"logo\":{\"@type\":\"ImageObject\",\"inLanguage\":\"en-US\",\"@id\":\"https:\\\/\\\/carlosacevedo.co\\\/#\\\/schema\\\/logo\\\/image\\\/\",\"url\":\"https:\\\/\\\/carlosacevedo.co\\\/wp-content\\\/uploads\\\/2023\\\/09\\\/Marca-CA.jpg\",\"contentUrl\":\"https:\\\/\\\/carlosacevedo.co\\\/wp-content\\\/uploads\\\/2023\\\/09\\\/Marca-CA.jpg\",\"width\":1920,\"height\":1080,\"caption\":\"Carlos Acevedo Odontolog\u00eda\"},\"image\":{\"@id\":\"https:\\\/\\\/carlosacevedo.co\\\/#\\\/schema\\\/logo\\\/image\\\/\"},\"sameAs\":[\"https:\\\/\\\/www.facebook.com\\\/doctorcarlosacevedo\",\"https:\\\/\\\/x.com\\\/carloshacevedot\",\"https:\\\/\\\/www.instagram.com\\\/doctorcarlosacevedo\",\"https:\\\/\\\/www.youtube.com\\\/channel\\\/UCYyCa-he-UJRndtbsUDr2zw\"]}]}<\/script>\n<!-- \/ Yoast SEO plugin. -->","yoast_head_json":{"title":"Doctor Carlos Acevedo - Carlos Acevedo Odontolog\u00eda","robots":{"index":"index","follow":"follow","max-snippet":"max-snippet:-1","max-image-preview":"max-image-preview:large","max-video-preview":"max-video-preview:-1"},"canonical":"https:\/\/carlosacevedo.co\/en\/doctor-carlos-acevedo\/","og_locale":"en_US","og_type":"article","og_title":"Doctor Carlos Acevedo - Carlos Acevedo Odontolog\u00eda","og_description":"Inicio Doctor CARLOS ACEVEDO Haz clic aqu\u00ed Hola, soy Carlos Acevedo, Odont\u00f3logo de la Universidad Santo Tom\u00e1s de Bucaramanga; soy especialista en Cirug\u00eda e Implantolog\u00eda Oral del Colegio Odontol\u00f3gico de Colombia; Conferencista internacional de Bicon Dental Implants, del Instituto Bicon de Boston, Estados Unidos y Entrenador Certificado en Soluciones CEREC para el Dise\u00f1o y Construcci\u00f3n [&hellip;]","og_url":"https:\/\/carlosacevedo.co\/en\/doctor-carlos-acevedo\/","og_site_name":"Carlos Acevedo Odontolog\u00eda","article_publisher":"https:\/\/www.facebook.com\/doctorcarlosacevedo","article_modified_time":"2023-11-07T15:08:20+00:00","og_image":[{"url":"https:\/\/carlosacevedo.co\/wp-content\/uploads\/2023\/11\/Carlos-web-2.jpg","type":"","width":"","height":""}],"twitter_card":"summary_large_image","twitter_site":"@carloshacevedot","twitter_misc":{"Est. reading time":"2 minutes"},"schema":{"@context":"https:\/\/schema.org","@graph":[{"@type":"WebPage","@id":"https:\/\/carlosacevedo.co\/doctor-carlos-acevedo\/","url":"https:\/\/carlosacevedo.co\/doctor-carlos-acevedo\/","name":"Doctor Carlos Acevedo - Carlos Acevedo Odontolog\u00eda","isPartOf":{"@id":"https:\/\/carlosacevedo.co\/#website"},"primaryImageOfPage":{"@id":"https:\/\/carlosacevedo.co\/doctor-carlos-acevedo\/#primaryimage"},"image":{"@id":"https:\/\/carlosacevedo.co\/doctor-carlos-acevedo\/#primaryimage"},"thumbnailUrl":"https:\/\/carlosacevedo.co\/wp-content\/uploads\/2023\/11\/Carlos-web-2.jpg","datePublished":"2023-10-18T21:19:20+00:00","dateModified":"2023-11-07T15:08:20+00:00","breadcrumb":{"@id":"https:\/\/carlosacevedo.co\/doctor-carlos-acevedo\/#breadcrumb"},"inLanguage":"en-US","potentialAction":[{"@type":"ReadAction","target":["https:\/\/carlosacevedo.co\/doctor-carlos-acevedo\/"]}]},{"@type":"ImageObject","inLanguage":"en-US","@id":"https:\/\/carlosacevedo.co\/doctor-carlos-acevedo\/#primaryimage","url":"https:\/\/carlosacevedo.co\/wp-content\/uploads\/2023\/11\/Carlos-web-2.jpg","contentUrl":"https:\/\/carlosacevedo.co\/wp-content\/uploads\/2023\/11\/Carlos-web-2.jpg"},{"@type":"BreadcrumbList","@id":"https:\/\/carlosacevedo.co\/doctor-carlos-acevedo\/#breadcrumb","itemListElement":[{"@type":"ListItem","position":1,"name":"Inicio","item":"https:\/\/carlosacevedo.co\/"},{"@type":"ListItem","position":2,"name":"Doctor Carlos Acevedo"}]},{"@type":"WebSite","@id":"https:\/\/carlosacevedo.co\/#website","url":"https:\/\/carlosacevedo.co\/","name":"Carlos Acevedo Odontolog\u00eda","description":"Somos un grupo de especialistas liderados por el Doctor CARLOS ACEVEDO, altamente capacitados en odontolog\u00eda en la ciudad de Barranquilla.","publisher":{"@id":"https:\/\/carlosacevedo.co\/#organization"},"potentialAction":[{"@type":"SearchAction","target":{"@type":"EntryPoint","urlTemplate":"https:\/\/carlosacevedo.co\/?s={search_term_string}"},"query-input":{"@type":"PropertyValueSpecification","valueRequired":true,"valueName":"search_term_string"}}],"inLanguage":"en-US"},{"@type":"Organization","@id":"https:\/\/carlosacevedo.co\/#organization","name":"Carlos Acevedo Odontolog\u00eda","url":"https:\/\/carlosacevedo.co\/","logo":{"@type":"ImageObject","inLanguage":"en-US","@id":"https:\/\/carlosacevedo.co\/#\/schema\/logo\/image\/","url":"https:\/\/carlosacevedo.co\/wp-content\/uploads\/2023\/09\/Marca-CA.jpg","contentUrl":"https:\/\/carlosacevedo.co\/wp-content\/uploads\/2023\/09\/Marca-CA.jpg","width":1920,"height":1080,"caption":"Carlos Acevedo Odontolog\u00eda"},"image":{"@id":"https:\/\/carlosacevedo.co\/#\/schema\/logo\/image\/"},"sameAs":["https:\/\/www.facebook.com\/doctorcarlosacevedo","https:\/\/x.com\/carloshacevedot","https:\/\/www.instagram.com\/doctorcarlosacevedo","https:\/\/www.youtube.com\/channel\/UCYyCa-he-UJRndtbsUDr2zw"]}]}},"_links":{"self":[{"href":"https:\/\/carlosacevedo.co\/en\/wp-json\/wp\/v2\/pages\/2165","targetHints":{"allow":["GET"]}}],"collection":[{"href":"https:\/\/carlosacevedo.co\/en\/wp-json\/wp\/v2\/pages"}],"about":[{"href":"https:\/\/carlosacevedo.co\/en\/wp-json\/wp\/v2\/types\/page"}],"author":[{"embeddable":true,"href":"https:\/\/carlosacevedo.co\/en\/wp-json\/wp\/v2\/users\/2"}],"replies":[{"embeddable":true,"href":"https:\/\/carlosacevedo.co\/en\/wp-json\/wp\/v2\/comments?post=2165"}],"version-history":[{"count":0,"href":"https:\/\/carlosacevedo.co\/en\/wp-json\/wp\/v2\/pages\/2165\/revisions"}],"wp:attachment":[{"href":"https:\/\/carlosacevedo.co\/en\/wp-json\/wp\/v2\/media?parent=2165"}],"curies":[{"name":"wp","href":"https:\/\/api.w.org\/{rel}","templated":true}]}}